{"id":21,"date":"2026-03-21T09:28:49","date_gmt":"2026-03-21T09:28:49","guid":{"rendered":"https:\/\/sgmuttenz.tobias-rippstein.ch\/?page_id=21"},"modified":"2026-03-21T13:42:03","modified_gmt":"2026-03-21T13:42:03","slug":"impressum-datenschutz","status":"publish","type":"page","link":"https:\/\/sgmuttenz.tobias-rippstein.ch\/index.php\/impressum-datenschutz\/","title":{"rendered":"Impressum &#038; Datenschutz"},"content":{"rendered":"\n<h4 class=\"wp-block-heading\"><strong>Betreiber und Kontakt:<\/strong><\/h4>\n\n\n\n<p>Tobias Rippstein<br>Gr\u00fcndenstrasse 5<br>4132 Muttenz<\/p>\n\n\n\n<p>tobias.rippstein@sgmuttenz.ch<\/p>\n\n\n\n<h4 class=\"wp-block-heading\"><strong>Haftungs- und Schutzrechtshinweise<\/strong><\/h4>\n\n\n\n<p>Dies ist eine <strong>private und inoffizielle Informationsseite<\/strong>. Sie steht in keinem rechtlichen Zusammenhang mit der offiziellen F\u00fchrung der Sch\u00fctzengesellschaft Muttenz.<\/p>\n\n\n\n<p>Alle Angaben (insbesondere Schiesstermine) erfolgen ohne Gew\u00e4hr. F\u00fcr verbindliche Informationen und offizielle Bekanntmachungen ist ausschliesslich die offizielle Webseite\/Anschlagtafel des Vereins massgebend.<\/p>\n\n\n\n<p>Haftungsausschluss: Die Inhalte dieses Onlineangebotes wurden sorgf\u00e4ltig und nach unserem aktuellen Kenntnisstand erstellt, dienen jedoch nur der Information und entfalten keine rechtlich bindende Wirkung, sofern es sich nicht um gesetzlich verpflichtende Informationen (z.B. das Impressum, die Datenschutzerkl\u00e4rung, AGB oder verpflichtende Belehrungen von Verbrauchern) handelt. Wir behalten uns vor, die Inhalte vollst\u00e4ndig oder teilweise zu \u00e4ndern oder zu l\u00f6schen, soweit vertragliche Verpflichtungen unber\u00fchrt bleiben. Alle Angebote sind freibleibend und unverbindlich.<\/p>\n\n\n\n<p>Links auf fremde Webseiten: Die Inhalte fremder Webseiten, auf die wir direkt oder indirekt verweisen, liegen au\u00dferhalb unseres Verantwortungsbereiches und wir machen sie uns nicht zu Eigen. F\u00fcr alle Inhalte und Nachteile, die aus der Nutzung der in den verlinkten Webseiten aufrufbaren Informationen entstehen, \u00fcbernehmen wir keine Verantwortung.<\/p>\n\n\n\n<p>Urheberrechte und Markenrechte: Alle auf dieser Website dargestellten Inhalte, wie Texte, Fotografien, Grafiken, Marken und Warenzeichen sind durch die jeweiligen Schutzrechte (Urheberrechte, Markenrechte) gesch\u00fctzt. Die Verwendung, Vervielf\u00e4ltigung usw. unterliegen unseren Rechten oder den Rechten der jeweiligen Urheber bzw. Rechteinhaber.<\/p>\n\n\n\n<h4 class=\"wp-block-heading\">Datenschutzinformation (Schweiz nDSG)<\/h4>\n\n\n\n<p><strong>Datenschutzerkl\u00e4rung<\/strong><\/p>\n\n\n\n<p><strong>1. Verantwortliche Person<\/strong> Verantwortlich f\u00fcr die Datenbearbeitung auf dieser Informationsseite ist: Tobias Rippstein<br>Gr\u00fcndenstrasse 5<br>4132 Muttenz<\/p>\n\n\n\n<p>tobias.rippstein@sgmuttenz.ch<\/p>\n\n\n\n<p><strong>2. Datenerfassung<\/strong> Diese Webseite dient ausschliesslich der Anzeige von Informationen (Schiesstermine). Es werden keine personenbezogenen Daten von Besuchern aktiv erhoben.<\/p>\n\n\n\n<ul class=\"wp-block-list\">\n<li><strong>Server-Logfiles:<\/strong> Beim Aufruf der Seite werden technisch bedingt Daten wie die IP-Adresse, Datum und Uhrzeit durch den Webserver erfasst. Diese dienen lediglich dem stabilen Betrieb der Seite und werden nicht mit anderen Datenquellen zusammengef\u00fchrt.<\/li>\n\n\n\n<li><strong>Cookies:<\/strong> Diese Seite verwendet nur technisch notwendige Cookies, die f\u00fcr die Funktion des Sliders oder der WordPress-Basis erforderlich sind. Es findet kein Tracking statt.<\/li>\n<\/ul>\n\n\n\n<p><strong>3. Deine Rechte<\/strong> Da keine personenbezogenen Daten gespeichert werden, entstehen keine Nutzerprofile. Du hast dennoch jederzeit das Recht, Auskunft \u00fcber die von uns bearbeiteten Daten zu erhalten.<\/p>\n","protected":false},"excerpt":{"rendered":"<p>Betreiber und Kontakt: Tobias RippsteinGr\u00fcndenstrasse 54132 Muttenz tobias.rippstein@sgmuttenz.ch Haftungs- und Schutzrechtshinweise Dies ist eine private und inoffizielle Informationsseite. Sie steht in keinem rechtlichen Zusammenhang mit der offiziellen F\u00fchrung der Sch\u00fctzengesellschaft Muttenz. Alle Angaben (insbesondere Schiesstermine) erfolgen ohne Gew\u00e4hr. F\u00fcr verbindliche Informationen und offizielle Bekanntmachungen ist ausschliesslich die offizielle Webseite\/Anschlagtafel des Vereins massgebend. Haftungsausschluss: Die Inhalte [&hellip;]<\/p>\n","protected":false},"author":1,"featured_media":0,"parent":0,"menu_order":0,"comment_status":"closed","ping_status":"closed","template":"","meta":{"footnotes":""},"class_list":["post-21","page","type-page","status-publish","hentry"],"blocksy_meta":[],"_links":{"self":[{"href":"https:\/\/sgmuttenz.tobias-rippstein.ch\/index.php\/wp-json\/wp\/v2\/pages\/21","targetHints":{"allow":["GET"]}}],"collection":[{"href":"https:\/\/sgmuttenz.tobias-rippstein.ch\/index.php\/wp-json\/wp\/v2\/pages"}],"about":[{"href":"https:\/\/sgmuttenz.tobias-rippstein.ch\/index.php\/wp-json\/wp\/v2\/types\/page"}],"author":[{"embeddable":true,"href":"https:\/\/sgmuttenz.tobias-rippstein.ch\/index.php\/wp-json\/wp\/v2\/users\/1"}],"replies":[{"embeddable":true,"href":"https:\/\/sgmuttenz.tobias-rippstein.ch\/index.php\/wp-json\/wp\/v2\/comments?post=21"}],"version-history":[{"count":4,"href":"https:\/\/sgmuttenz.tobias-rippstein.ch\/index.php\/wp-json\/wp\/v2\/pages\/21\/revisions"}],"predecessor-version":[{"id":108,"href":"https:\/\/sgmuttenz.tobias-rippstein.ch\/index.php\/wp-json\/wp\/v2\/pages\/21\/revisions\/108"}],"wp:attachment":[{"href":"https:\/\/sgmuttenz.tobias-rippstein.ch\/index.php\/wp-json\/wp\/v2\/media?parent=21"}],"curies":[{"name":"wp","href":"https:\/\/api.w.org\/{rel}","templated":true}]}}